{"id":127,"date":"2018-07-10T04:27:22","date_gmt":"2018-07-10T02:27:22","guid":{"rendered":"http:\/\/dosenwandern.at\/?page_id=127"},"modified":"2018-07-10T04:40:12","modified_gmt":"2018-07-10T02:40:12","slug":"datenschutzerklaerung","status":"publish","type":"page","link":"https:\/\/dosenwandern.at\/?page_id=127","title":{"rendered":"Datenschutzerkl\u00e4rung"},"content":{"rendered":"<h2>Wer wir sind<\/h2>\n<p>Die Adresse unserer Website ist: http:\/\/www.dosenwandern.at. Es handelt sich um das private Blog des Medieninhabers (siehe Impressum).<\/p>\n<h2>Welche personenbezogenen Daten wir sammeln und warum wir sie sammeln<\/h2>\n<h3>Kommentare<\/h3>\n<p>Wenn Besucher Kommentare auf der Website schreiben, sammeln wir die Daten, die im Kommentar-Formular angezeigt werden, au\u00dferdem die IP-Adresse des Besuchers und den User-Agent-String (damit wird der Browser identifiziert), um die Erkennung von Spam zu unterst\u00fctzen.<\/p>\n<p>Aus deiner E-Mail-Adresse kann eine anonymisierte Zeichenfolge erstellt (auch Hash genannt) und dem Gravatar-Dienst \u00fcbergeben werden, um zu pr\u00fcfen, ob du diesen benutzt. Die Datenschutzerkl\u00e4rung des Gravatar-Dienstes findest du hier: https:\/\/automattic.com\/privacy\/. Nachdem dein Kommentar freigegeben wurde, ist dein Profilbild \u00f6ffentlich im Kontext deines Kommentars sichtbar.<\/p>\n<p><span style=\"color: #ff0000;\">Derzeit nicht in Verwendung.<\/span><\/p>\n<h3>Medien<\/h3>\n<p>Wenn du ein registrierter Benutzer bist und Fotos auf diese Website l\u00e4dst, solltest du vermeiden, Fotos mit einem EXIF-GPS-Standort hochzuladen. Besucher dieser Website k\u00f6nnten Fotos, die auf dieser Website gespeichert sind, herunterladen und deren Standort-Informationen extrahieren.<\/p>\n<p><span style=\"color: #ff0000;\">Derzeit nicht in Verwendung.<\/span><\/p>\n<h3>Kontaktformulare<\/h3>\n<h3>Cookies<\/h3>\n<p>Wenn du einen Kommentar auf unserer Website schreibst, kann das eine Einwilligung sein, deinen Namen, E-Mail-Adresse und Website in Cookies zu speichern. Dies ist eine Komfortfunktion, damit du nicht, wenn du einen weiteren Kommentar schreibst, all diese Daten erneut eingeben musst. Diese Cookies werden ein Jahr lang gespeichert.<\/p>\n<p>Falls du ein Konto hast und dich auf dieser Website anmeldest, werden wir ein tempor\u00e4res Cookie setzen, um festzustellen, ob dein Browser Cookies akzeptiert. Dieses Cookie enth\u00e4lt keine personenbezogenen Daten und wird verworfen, wenn du deinen Browser schlie\u00dft.<\/p>\n<p>Wenn du dich anmeldest, werden wir einige Cookies einrichten, um deine Anmeldeinformationen und Anzeigeoptionen zu speichern. Anmelde-Cookies verfallen nach zwei Tagen und Cookies f\u00fcr die Anzeigeoptionen nach einem Jahr. Falls du bei der Anmeldung \u201eAngemeldet bleiben\u201c ausw\u00e4hlst, wird deine Anmeldung zwei Wochen lang aufrechterhalten. Mit der Abmeldung aus deinem Konto werden die Anmelde-Cookies gel\u00f6scht.<\/p>\n<p>Wenn du einen Artikel bearbeitest oder ver\u00f6ffentlichst, wird ein zus\u00e4tzlicher Cookie in deinem Browser gespeichert. Dieser Cookie enth\u00e4lt keine personenbezogenen Daten und verweist nur auf die Beitrags-ID des Artikels, den du gerade bearbeitet hast. Der Cookie verf\u00e4llt nach einem Tag.<\/p>\n<p><span style=\"color: #ff0000;\">Derzeit nicht in Verwendung.<\/span><\/p>\n<p>Diese Website verwendet Google AdSense. Es handelt sich hierbei um einen Dienst der Google Inc., 1600 Amphitheatre Parkway, Mountain View, CA 94043, USA, zur Einbindung von Werbeanzeigen. Google AdSense verwendet Cookies. Dies sind Dateien, durch deren Speicherung auf Ihrem PC Google die Daten Ihrer Benutzung unserer Website analysieren kann. Zudem werden bei Google AdSense zus\u00e4tzlich Web Beacons verwendet, nicht sichtbare Grafiken, die es Google erm\u00f6glichen, Klicks auf dieser Website, den Verkehr auf dieser und \u00e4hnliche Informationen zu analysieren.<\/p>\n<p>Die \u00fcber Cookies und Web Beacons erhaltenen Informationen, Ihre IP-Adresse sowie die Auslieferung von Werbeformaten werden an einen Server von Google mit Standort in den USA \u00fcbermittelt und dort gespeichert. Google wird diese gesammelten Informationen m\u00f6glicherweise an Dritte weitergeben, wenn dies gesetzlich erforderlich ist oder Google gegen\u00fcber Dritten die Datenverarbeitung in Auftrag gibt. Allerdings wird Google Ihre IP-Adresse zusammen mit den anderen gespeicherten Daten zusammenf\u00fchren.<\/p>\n<p>Durch entsprechende Einstellungen an Ihrem Internetbrowser k\u00f6nnen Sie verhindern, dass die genannten Cookies auf Ihrem PC gespeichert werden. Dadurch besteht jedoch die M\u00f6glichkeit, dass die Inhalte dieser Website nicht mehr in gleichem Umfang genutzt werden k\u00f6nnen. Durch die Nutzung dieser Website willigen Sie in die Bearbeitung der zu Ihrer Person erhobenen Daten durch Google in der zuvor beschriebenen Art und Weise und zu dem zuvor benannten Zweck ein.<\/p>\n<h3>Eingebettete Inhalte von anderen Websites<\/h3>\n<p>Beitr\u00e4ge auf dieser Website k\u00f6nnen eingebettete Inhalte beinhalten (z.\u00a0B. Videos, Bilder, Beitr\u00e4ge etc.). Eingebettete Inhalte von anderen Websites verhalten sich exakt so, als ob der Besucher die andere Website besucht h\u00e4tte.<\/p>\n<p>Diese Websites k\u00f6nnen Daten \u00fcber dich sammeln, Cookies benutzen, zus\u00e4tzliche Tracking-Dienste von Dritten einbetten und deine Interaktion mit diesem eingebetteten Inhalt aufzeichnen, inklusive deiner Interaktion mit dem eingebetteten Inhalt, falls du ein Konto hast und auf dieser Website angemeldet bist.<\/p>\n<h3>Analysedienste<\/h3>\n<p><span style=\"color: #ff0000;\">Derzeit nicht in Verwendung.<\/span><\/p>\n<h2>Mit wem wir deine Daten teilen<\/h2>\n<p>\u00c4hm. Mit niemandem? Wir nehmen auch keine Daten auf.<\/p>\n<h2>Wie lange wir deine Daten speichern<\/h2>\n<p>Wenn du einen Kommentar schreibst, wird dieser inklusive Metadaten zeitlich unbegrenzt gespeichert. Auf diese Art k\u00f6nnen wir Folgekommentare automatisch erkennen und freigeben, anstelle sie in einer Moderations-Warteschlange festzuhalten.<\/p>\n<p>F\u00fcr Benutzer, die sich auf unserer Website registrieren, speichern wir zus\u00e4tzlich die pers\u00f6nlichen Informationen, die sie in ihren Benutzerprofilen angeben. Alle Benutzer k\u00f6nnen jederzeit ihre pers\u00f6nlichen Informationen einsehen, ver\u00e4ndern oder l\u00f6schen (der Benutzername kann nicht ver\u00e4ndert werden). Administratoren der Website k\u00f6nnen diese Informationen ebenfalls einsehen und ver\u00e4ndern.<\/p>\n<p><span style=\"color: #ff0000;\">Derzeit nicht in Verwendung.<\/span><\/p>\n<h2>Welche Rechte du an deinen Daten hast<\/h2>\n<p>Wenn du ein Konto auf dieser Website besitzt oder Kommentare geschrieben hast, kannst du einen Export deiner personenbezogenen Daten bei uns anfordern, inklusive aller Daten, die du uns mitgeteilt hast. Dar\u00fcber hinaus kannst du die L\u00f6schung aller personenbezogenen Daten, die wir von dir gespeichert haben, anfordern. Dies umfasst nicht die Daten, die wir aufgrund administrativer, rechtlicher oder sicherheitsrelevanter Notwendigkeiten aufbewahren m\u00fcssen.<\/p>\n<p><span style=\"color: #ff0000;\">Derzeit nicht in Verwendung.<\/span><\/p>\n<h2>Wohin wir deine Daten senden<\/h2>\n<p>Besucher-Kommentare k\u00f6nnten von einem automatisierten Dienst zur Spam-Erkennung untersucht werden.<\/p>\n<p><span style=\"color: #ff0000;\">Derzeit nicht in Verwendung.<\/span><\/p>\n<h2>Deine Kontakt-Informationen<\/h2>\n<p>Siehe Men\u00fcpunkt Impressum.<\/p>\n<h3><\/h3>\n","protected":false},"excerpt":{"rendered":"","protected":false},"author":1,"featured_media":0,"parent":0,"menu_order":0,"comment_status":"closed","ping_status":"closed","template":"","meta":{"footnotes":""},"class_list":["post-127","page","type-page","status-publish","hentry"],"_links":{"self":[{"href":"https:\/\/dosenwandern.at\/index.php?rest_route=\/wp\/v2\/pages\/127","targetHints":{"allow":["GET"]}}],"collection":[{"href":"https:\/\/dosenwandern.at\/index.php?rest_route=\/wp\/v2\/pages"}],"about":[{"href":"https:\/\/dosenwandern.at\/index.php?rest_route=\/wp\/v2\/types\/page"}],"author":[{"embeddable":true,"href":"https:\/\/dosenwandern.at\/index.php?rest_route=\/wp\/v2\/users\/1"}],"replies":[{"embeddable":true,"href":"https:\/\/dosenwandern.at\/index.php?rest_route=%2Fwp%2Fv2%2Fcomments&post=127"}],"version-history":[{"count":2,"href":"https:\/\/dosenwandern.at\/index.php?rest_route=\/wp\/v2\/pages\/127\/revisions"}],"predecessor-version":[{"id":131,"href":"https:\/\/dosenwandern.at\/index.php?rest_route=\/wp\/v2\/pages\/127\/revisions\/131"}],"wp:attachment":[{"href":"https:\/\/dosenwandern.at\/index.php?rest_route=%2Fwp%2Fv2%2Fmedia&parent=127"}],"curies":[{"name":"wp","href":"https:\/\/api.w.org\/{rel}","templated":true}]}}